{"id":31496,"date":"2024-11-27T14:09:46","date_gmt":"2024-11-27T13:09:46","guid":{"rendered":"https:\/\/noriko.hr\/politika-povrata-i-povrata-novca\/"},"modified":"2024-12-20T01:00:57","modified_gmt":"2024-12-20T00:00:57","slug":"politika-povrata-i-povrata-novca","status":"publish","type":"page","link":"https:\/\/noriko.hr\/hr\/politika-povrata-i-povrata-novca\/","title":{"rendered":"Politika povrata i povrata novca"},"content":{"rendered":"&#13;\n<h2 class=\"wp-block-heading\">Pregled<\/h2>&#13;\n&#13;\n<p>Da biste ispunili uvjete za povrat, va\u0161 artikl mora biti nekori\u0161ten i u istom stanju u kojem ste ga primili. Tako\u0111er mora biti u originalnom pakiranju.<\/p>&#13;\n&#13;\n<p>Kako bismo dovr\u0161ili va\u0161 povrat, potreban nam je ra\u010dun ili dokaz o kupnji.<\/p>&#13;\n&#13;\n<p>Povrati i povrati regulirani su va\u017ee\u0107im va\u017ee\u0107im ugovorima i\/ili primjenjivim zakonodavstvom zemlje\/EU.<\/p>&#13;\n&#13;\n<h2>Povrati<\/h2>&#13;\n&#13;\n<p>Nakon \u0161to primimo i pregledamo va\u0161 povrat, poslat \u0107emo vam e-poruku da vas obavijestimo da smo primili va\u0161 vra\u0107eni artikl. Tako\u0111er \u0107emo vas obavijestiti o odobrenju ili odbijanju povrata novca.<\/p>&#13;\n&#13;\n<p>Ako ste odobreni, tada \u0107e va\u0161 povrat biti obra\u0111en, a kredit \u0107e se automatski primijeniti na va\u0161 izvorni na\u010din pla\u0107anja, unutar odre\u0111enog broja dana.<\/p>&#13;\n&#13;\n<h3 class=\"wp-block-heading\">Zaka\u0161njeli ili nedostaju\u0107i povrati<\/h3>&#13;\n&#13;\n<p>Ako jo\u0161 niste primili povrat novca, prvo ponovno provjerite svoj bankovni ra\u010dun.<\/p>&#13;\n&#13;\n<p>Zatim kontaktirajte tvrtku koja vam je izdala kreditnu karticu, mo\u017ee pro\u0107i neko vrijeme prije nego \u0161to povrat bude slu\u017ebeno objavljen.<\/p>&#13;\n&#13;\n<p>Zatim kontaktirajte svoju banku. \u010cesto postoji neko vrijeme obrade prije nego \u0161to se povrat objavi.<\/p>&#13;\n&#13;\n<p>Ako ste u\u010dinili sve ovo, a jo\u0161 uvijek niste primili povrat novca, kontaktirajte nas putem e-po\u0161te.<\/p>&#13;\n&#13;\n<h3 class=\"wp-block-heading\">Artikli na promociji<\/h3>&#13;\n&#13;\n<p>Povrat se mo\u017ee izvr\u0161iti samo za artikle po redovnoj cijeni. Artikli na rasprodaji ne mogu se vratiti.<\/p>&#13;\n&#13;\n<h2>Razmjene<\/h2>&#13;\n&#13;\n<p>Stavke mijenjamo samo ako su neispravne ili o\u0161te\u0107ene. Ako ga trebate zamijeniti za isti artikl, po\u0161aljite nam e-mail i po\u0161aljite svoj artikl na adresu na\u0161e tvrtke.<\/p>&#13;\n&#13;\n<h2>Dostava povrata<\/h2>&#13;\n&#13;\n<p>Da biste vratili proizvod, trebali biste ga poslati po\u0161tom ili dostaviti na na\u0161u adresu.<\/p>&#13;\n&#13;\n<p>Vi \u0107ete biti odgovorni za pla\u0107anje vlastitih tro\u0161kova dostave za vra\u0107anje va\u0161eg artikla. Tro\u0161kovi dostave su nepovratni. Ako primite povrat, tro\u0161ak povratne dostave bit \u0107e odbijen od va\u0161eg povrata.<\/p>&#13;\n&#13;\n<p>Ovisno o tome gdje \u017eivite, vrijeme koje mo\u017ee biti potrebno da va\u0161 zamijenjeni proizvod stigne do vas mo\u017ee varirati.<\/p>&#13;\n&#13;\n<p>Ako vra\u0107ate skuplje artikle, razmislite o kori\u0161tenju usluge dostave koja se mo\u017ee pratiti ili o kupnji osiguranja dostave. Ne jam\u010dimo da \u0107emo primiti va\u0161 vra\u0107eni artikl.<\/p>&#13;\n&#13;\n<h2>Trebate pomo\u0107?<\/h2>&#13;\n&#13;\n<p>Kontaktirajte nas za pitanja vezana uz povrat novca i povrat novca.<\/p>&#13;\n","protected":false},"excerpt":{"rendered":"<p>&#13; Pregled &#13; &#13; Da biste ispunili uvjete za povrat, va\u0161 artikl mora biti nekori\u0161ten i u istom stanju u kojem ste ga primili. Tako\u0111er mora biti u originalnom pakiranju. &#13; &#13; Kako bismo dovr\u0161ili va\u0161 povrat, potreban nam je ra\u010dun ili dokaz o kupnji. &#13; &#13; Povrati i povrati regulirani su va\u017ee\u0107im va\u017ee\u0107im ugovorima i\/ili primjenjivim zakonodavstvom zemlje\/EU. &#13; &#13; Povrati &#13; &#13; Nakon \u0161to primimo i pregledamo va\u0161 povrat, poslat \u0107emo vam e-poruku da vas obavijestimo da smo primili va\u0161 vra\u0107eni artikl. Tako\u0111er \u0107emo vas obavijestiti o odobrenju ili odbijanju povrata novca. &#13; &#13; Ako ste odobreni, tada \u0107e va\u0161 povrat biti obra\u0111en, a kredit \u0107e se automatski primijeniti na va\u0161 izvorni na\u010din pla\u0107anja, unutar odre\u0111enog broja dana. &#13; &#13; Zaka\u0161njeli ili nedostaju\u0107i povrati &#13; &#13; Ako jo\u0161 niste primili povrat novca, prvo ponovno provjerite svoj bankovni ra\u010dun. &#13; &#13; Zatim kontaktirajte tvrtku koja vam je izdala kreditnu karticu, mo\u017ee pro\u0107i neko vrijeme prije nego \u0161to povrat bude slu\u017ebeno objavljen. &#13; &#13; Zatim kontaktirajte svoju banku. \u010cesto postoji neko vrijeme obrade prije nego \u0161to se povrat objavi. &#13; &#13; Ako ste u\u010dinili sve ovo, a jo\u0161 uvijek niste primili povrat novca, kontaktirajte nas putem e-po\u0161te. &#13; &#13; Artikli na promociji &#13; &#13; Povrat se mo\u017ee izvr\u0161iti samo za artikle po redovnoj cijeni. Artikli na rasprodaji ne mogu se vratiti. &#13; &#13; Razmjene &#13; &#13; Stavke mijenjamo samo ako su neispravne ili o\u0161te\u0107ene. Ako ga trebate zamijeniti za isti artikl, po\u0161aljite nam e-mail i po\u0161aljite svoj artikl na adresu na\u0161e tvrtke. &#13; &#13; Dostava povrata &#13; &#13; Da biste vratili proizvod, trebali biste ga poslati po\u0161tom ili dostaviti na na\u0161u adresu. &#13; &#13; Vi \u0107ete biti odgovorni za pla\u0107anje vlastitih tro\u0161kova dostave za vra\u0107anje va\u0161eg artikla. Tro\u0161kovi dostave su nepovratni. Ako primite povrat, tro\u0161ak povratne dostave bit \u0107e odbijen od va\u0161eg povrata. &#13; &#13; Ovisno o tome gdje \u017eivite, vrijeme koje mo\u017ee biti potrebno da va\u0161 zamijenjeni proizvod stigne do vas mo\u017ee varirati. &#13; &#13; Ako vra\u0107ate skuplje artikle, razmislite o kori\u0161tenju usluge dostave koja se mo\u017ee pratiti ili o kupnji osiguranja dostave. Ne jam\u010dimo da \u0107emo primiti va\u0161 vra\u0107eni artikl. &#13; &#13; Trebate pomo\u0107? &#13; &#13; Kontaktirajte nas za pitanja vezana uz povrat novca i povrat novca. &#13;<\/p>\n","protected":false},"author":1,"featured_media":0,"parent":0,"menu_order":0,"comment_status":"closed","ping_status":"closed","template":"","meta":{"footnotes":""},"class_list":["post-31496","page","type-page","status-publish","hentry"],"acf":[],"_links":{"self":[{"href":"https:\/\/noriko.hr\/hr\/wp-json\/wp\/v2\/pages\/31496","targetHints":{"allow":["GET"]}}],"collection":[{"href":"https:\/\/noriko.hr\/hr\/wp-json\/wp\/v2\/pages"}],"about":[{"href":"https:\/\/noriko.hr\/hr\/wp-json\/wp\/v2\/types\/page"}],"author":[{"embeddable":true,"href":"https:\/\/noriko.hr\/hr\/wp-json\/wp\/v2\/users\/1"}],"replies":[{"embeddable":true,"href":"https:\/\/noriko.hr\/hr\/wp-json\/wp\/v2\/comments?post=31496"}],"version-history":[{"count":1,"href":"https:\/\/noriko.hr\/hr\/wp-json\/wp\/v2\/pages\/31496\/revisions"}],"predecessor-version":[{"id":31497,"href":"https:\/\/noriko.hr\/hr\/wp-json\/wp\/v2\/pages\/31496\/revisions\/31497"}],"wp:attachment":[{"href":"https:\/\/noriko.hr\/hr\/wp-json\/wp\/v2\/media?parent=31496"}],"curies":[{"name":"wp","href":"https:\/\/api.w.org\/{rel}","templated":true}]}}